{"id":24380,"date":"2019-10-28T17:32:20","date_gmt":"2019-10-28T15:32:20","guid":{"rendered":"https:\/\/www.adattack.ee\/?page_id=24380"},"modified":"2019-10-28T17:32:20","modified_gmt":"2019-10-28T15:32:20","slug":"privacy","status":"publish","type":"page","link":"https:\/\/www.adattack.ee\/en\/privacy\/","title":{"rendered":"Privacy"},"content":{"rendered":"<div class=\"wpb-content-wrapper\"><p>[vc_row full_width=&#8221;stretch_row_content&#8221; equal_height=&#8221;yes&#8221;][vc_column width=&#8221;1\/6&#8243; la_animation_duration=&#8221;1&#8243; la_animation_delay=&#8221;0&#8243; la_animation_iteration_count=&#8221;1&#8243; css=&#8221;.vc_custom_1562572573413{background-position: center !important;background-repeat: no-repeat !important;background-size: contain !important;}&#8221;][\/vc_column][vc_column width=&#8221;2\/3&#8243; la_animation_duration=&#8221;1&#8243; la_animation_delay=&#8221;0&#8243; la_animation_iteration_count=&#8221;1&#8243; el_class=&#8221;column-wrapper&#8211;maxwidth&#8211;900&#8243; css=&#8221;.vc_custom_1563258295480{padding-right: 8% !important;padding-left: 8% !important;}&#8221;]<div id=\"la_divider69dd396d35e94\" class=\"js-el la-divider la-unit-responsive\" data-la_component=\"UnitResponsive\"  data-el_target='#la_divider69dd396d35e94'  data-el_media_sizes='{&quot;padding-top&quot;:&quot;lg:110px;&quot;}' ><\/div>\n[vc_row_inner][vc_column_inner][vc_toggle title=&#8221;\u00dcldine&#8221; style=&#8221;text_only&#8221; open=&#8221;true&#8221;]ADATTACK O\u00dc on v\u00f5tnud endale kohustuse kaitsta klientide ja kasutajate privaatsust. Sellest l\u00e4htuvalt oleme koostanud k\u00e4esolevad privaatsuspoliitika p\u00f5him\u00f5tted, mis k\u00e4sitlevad kliendi andmete kogumist, kasutamist, avaldamist, edastamist ja talletamist. Meie tegevus internetis on koosk\u00f5las k\u00f5igi Eesti Vabariigi seadustega ja vastavate Euroopa Liidu \u00f5igusaktidega.<\/p>\n<p>Hoolime oma <a href=\"http:\/\/www.domeen.ee\">www.<\/a><a href=\"http:\/\/www.domeen.ee\">adattack<\/a><a href=\"http:\/\/www.domeen.ee\">.ee<\/a> lehe kasutajate privaatsusest ja tekkinud info kaitsest v\u00e4ga ning teostame omalt poolt k\u00f5ik, et need ei j\u00f5uaks peale meie ja meie volitatud isikute kellegi teiseni.[\/vc_toggle]<div id=\"la_divider69dd396d35f65\" class=\"js-el la-divider la-unit-responsive\" data-la_component=\"UnitResponsive\"  data-el_target='#la_divider69dd396d35f65'  data-el_media_sizes='{&quot;padding-top&quot;:&quot;lg:50px;&quot;}' ><\/div>\n[vc_toggle title=&#8221;K\u00fcpsiste kasutus&#8221; style=&#8221;text_only&#8221; open=&#8221;true&#8221;]Kasutajate paremaks teenindamiseks kasutab ADATTACK O\u00dc veebileht k\u00fcpsiseid ehk cookie\u2019sid.<\/p>\n<p>K\u00fcpsis on tekstifail, mille saadavad ja salvestavad kasutaja arvutisse veebilehed, mida kasutaja k\u00fclastab. K\u00fcpsis salvestatakse kasutaja veebilehitseja failikataloogi. Juhul kui kasutaja on veebilehte varem k\u00fclastanud, loeb veebilehitseja k\u00fcpsist ning edastab vastava teabe veebilehele v\u00f5i elemendile, mis k\u00fcpsise algul salvestas. Lisateave k\u00fcpsiste kohta on k\u00e4ttesaadav veebilehel <a href=\"http:\/\/www.aki.ee\/et\/kupsised\">http:\/\/www.aki.ee\/et\/kupsised<\/a> . K\u00fcpsised v\u00f5imaldavad j\u00e4lgida veebilehe kasutusstatistikat, rubriikide populaarsust ning muid veebilehel tehtavaid toiminguid. K\u00fcpsisest saadavat teavet kasutatakse veebilehe kasutusmugavuse ja sisu parandamise eesm\u00e4rgil.<\/p>\n<p>Kasutatavad k\u00fcpsiste t\u00fc\u00fcbid on j\u00e4rgnevad:<br \/>\nP\u00fcsik\u00fcpsised on h\u00e4davajalikud veebilehel ringi liikumiseks ja selle funktsioonide kasutamiseks. P\u00fcsik\u00fcpsiste puudumisel ei saaks kasutaja kasutada k\u00f5iki veebilehe funktsioone.<br \/>\nSessioonik\u00fcpsised v\u00f5imaldavad veebilehel meelde j\u00e4tta kasutaja poolt tehtud varasemaid valikuid (n\u00e4iteks kasutajanimi, keelevalik jne) ning pakkuda seel\u00e4bi t\u00f5husamaid ja isikup\u00e4rasemaid funktsioone. J\u00e4lgimisk\u00fcpsised koguvad andmeid kasutaja k\u00e4itumisest veebilehel.<br \/>\nJ\u00e4lgimisk\u00fcpsisest saadav informatsioon v\u00f5imaldab t\u00f5sta veebilehe kasutusmugavust. Reklaamk\u00fcpsised koguvad andmeid kasutaja sirvimisharjumuste kohta, mis omakorda v\u00f5imaldavad veebilehel esitada kasutaja eelistustega koosk\u00f5las olevat reklaamisisu. Lisaks v\u00f5imaldab vastav k\u00fcpsiseliik m\u00f5\u00f5ta reklaamikampaania t\u00f5husust.<\/p>\n<p>Kasutajal on \u00f5igus keelduda k\u00fcpsiste salvestamisest arvutisse. Vastava soovi korral peab kasutaja muutma oma veebilehitseja seadeid. Eri t\u00fc\u00fcpi veebilehitsejad kasutavad k\u00fcpsiste keelamiseks erinevaid meetodeid. T\u00e4psem informatsioon on kuvatud veebilehel <a href=\"http:\/\/www.aki.ee\/et\/kupsised\">http:\/\/www.aki.ee\/et\/kupsised<\/a> .<\/p>\n<p>K\u00fcpsiste blokeerimisel peab kasutaja arvestama, et k\u00f5ik veebilehe funktsioonid ei pruugi p\u00e4rast k\u00fcpsiste blokeerimist enam kasutajale k\u00e4ttesaadavad olla.[\/vc_toggle]<div id=\"la_divider69dd396d35fb9\" class=\"js-el la-divider la-unit-responsive\" data-la_component=\"UnitResponsive\"  data-el_target='#la_divider69dd396d35fb9'  data-el_media_sizes='{&quot;padding-top&quot;:&quot;lg:50px;&quot;}' ><\/div>\n[vc_toggle title=&#8221;Teised lingid&#8221; style=&#8221;text_only&#8221; open=&#8221;true&#8221;]<a href=\"http:\/\/www.domeen.ee\">www.<\/a><a href=\"http:\/\/www.domeen.ee\">adattack<\/a><a href=\"http:\/\/www.domeen.ee\">.ee<\/a>\u00a0 v\u00f5ib sisaldada kolmandate osapoolte veebilehtede linke. <a href=\"http:\/\/www.domeen.ee\">www.<\/a><a href=\"http:\/\/www.domeen.ee\">adattack<\/a><a href=\"http:\/\/www.domeen.ee\">.ee<\/a>\u00a0 puudub vastutus nende lehek\u00fclgede sisu eest. Nende kasutamine on teie enda vastutusel.[\/vc_toggle]<div id=\"la_divider69dd396d36004\" class=\"js-el la-divider la-unit-responsive\" data-la_component=\"UnitResponsive\"  data-el_target='#la_divider69dd396d36004'  data-el_media_sizes='{&quot;padding-top&quot;:&quot;lg:50px;&quot;}' ><\/div>\n[vc_toggle title=&#8221;\u00d5igus informatsioonile&#8221; style=&#8221;text_only&#8221; open=&#8221;true&#8221;]Kui Teil tekib k\u00fcsimusi meie privaatsuse kaitsepoliitika v\u0151i Teie isiklike andmete t\u00f6\u00f6tlemise suhtes, kontakteeruge julgelt meie e-maili teel <a href=\"mailto:info@domeen.ee\">info@<\/a><a href=\"mailto:info@domeen.ee\">adattack<\/a><a href=\"mailto:info@domeen.ee\">.ee<\/a><\/p>\n<p>Peale p\u00e4ringut informeeritakse kirjalikult ja koosk\u00f5las rakenduvate \u00f5igusaktidega \u2013 milliseid teie isiklikke andmeid, kui \u00fcldse, koguti Teie k\u00fclastuse ajal <a href=\"http:\/\/www.domeen.ee\">www.<\/a><a href=\"http:\/\/www.domeen.ee\">adattack<\/a><a href=\"http:\/\/www.domeen.ee\">.ee<\/a> veebilehel.[\/vc_toggle]<div id=\"la_divider69dd396d3604a\" class=\"js-el la-divider la-unit-responsive\" data-la_component=\"UnitResponsive\"  data-el_target='#la_divider69dd396d3604a'  data-el_media_sizes='{&quot;padding-top&quot;:&quot;lg:50px;&quot;}' ><\/div>\n[vc_toggle title=&#8221;Isikuandmete kogumine ja kasutamine&#8221; style=&#8221;text_only&#8221; open=&#8221;true&#8221;]Isikuandmed on andmed, mida ADATTACK O\u00dc kogub isiku tuvastamiseks v\u00f5i temaga \u00fchenduse v\u00f5tmiseks. Keegi ei ole kohustatud oma isikuandmeid meiega jagama, kuid see on vajalik selleks, et saaksime koost\u00f6\u00f6d j\u00e4tkata.<\/p>\n<p>Kui Teil puudub otsene huvi meiega koost\u00f6\u00f6d teha v\u00f5i meist midagi teada, siis palun lahkuge meie veebilehelt <a href=\"http:\/\/www.domeen.ee\">www.<\/a><a href=\"http:\/\/www.domeen.ee\">adattack<\/a><a href=\"http:\/\/www.domeen.ee\">.ee<\/a>[\/vc_toggle]<div id=\"la_divider69dd396d3608e\" class=\"js-el la-divider la-unit-responsive\" data-la_component=\"UnitResponsive\"  data-el_target='#la_divider69dd396d3608e'  data-el_media_sizes='{&quot;padding-top&quot;:&quot;lg:50px;&quot;}' ><\/div>\n[vc_toggle title=&#8221;Isikuandmete kogumine toimub kliendi n\u00f5usolekul allj\u00e4rgnevatel viisidel:&#8221; style=&#8221;text_only&#8221; open=&#8221;true&#8221;]<\/p>\n<ul>\n<li>Kontaktandmete sisestamisel l\u00e4bi kontaktivormi (sh nimi, postiaadress, telefoninumber, e-posti aadress) esitamisel meie veebisaidil v\u00f5i mujal meie esinduses<\/li>\n<li>Veebisaidi kasutamisel kliendi konto loomisel<\/li>\n<li>Tellimuse sooritamisel meie e-poes<\/li>\n<li>K\u00fcpsiste (cookie) kaudu<\/li>\n<\/ul>\n<p>[\/vc_toggle]<div id=\"la_divider69dd396d360d1\" class=\"js-el la-divider la-unit-responsive\" data-la_component=\"UnitResponsive\"  data-el_target='#la_divider69dd396d360d1'  data-el_media_sizes='{&quot;padding-top&quot;:&quot;lg:50px;&quot;}' ><\/div>\n[vc_toggle title=&#8221;Teie andmete turvalisus&#8221; style=&#8221;text_only&#8221; open=&#8221;true&#8221;]Kasutame oma <a href=\"http:\/\/www.domeen.ee\">www.<\/a><a href=\"http:\/\/www.domeen.ee\">adattack<\/a><a href=\"http:\/\/www.domeen.ee\">.ee<\/a> lehel SSL sertifikaate, mis teevad teie kasutajaandmed turvaliseks. Teie kasutajaandmed on kr\u00fcpteeritud. Majutame oma lehe serverid usaldusv\u00e4\u00e4rse teenuspakkuja pool.[\/vc_toggle]<div id=\"la_divider69dd396d36113\" class=\"js-el la-divider la-unit-responsive\" data-la_component=\"UnitResponsive\"  data-el_target='#la_divider69dd396d36113'  data-el_media_sizes='{&quot;padding-top&quot;:&quot;lg:50px;&quot;}' ><\/div>\n[vc_toggle title=&#8221;Isikliku info \u00fclekanne&#8221; style=&#8221;text_only&#8221; open=&#8221;true&#8221;]Isikliku info \u00fclekanne toimub siis kui tuuakse kohale kaupa, nii kaua kui toodete kohale toomine on vajalik.<\/p>\n<p>Samuti kasutame oma t\u00f6\u00f6s k\u00fcpsiste kaudu osalist andmete \u00fclekannet. Me ei anna \u00fcle teie nime, e-posti, telefoni. Kasutame \u00fclekandeks IP\u2019d. Seda selleks, et saaksime kasutada oma turundust\u00f6\u00f6s vajalikke programme. N\u00e4iteks Google Analytics, Facebook Pixel, Hotjar. Programmid kasutavad meie edastatavat infot, et hinnata meie lehe kasutust teie kasutajamugavuse parandamiseks. Et ka tulevikus oleks leht sama hea ning isegi parem ja mugavam.<\/p>\n<p>Vajadusel saate ennetada seda keelates oma arvutis k\u00fcpsised, kuid see segaks t\u00e4nap\u00e4eva interneti kasutuses t\u00f5en\u00e4oliselt kasutajamugavust tohutult.[\/vc_toggle]<div id=\"la_divider69dd396d36155\" class=\"js-el la-divider la-unit-responsive\" data-la_component=\"UnitResponsive\"  data-el_target='#la_divider69dd396d36155'  data-el_media_sizes='{&quot;padding-top&quot;:&quot;lg:50px;&quot;}' ><\/div>\n[vc_toggle title=&#8221;Alaealised&#8221; style=&#8221;text_only&#8221; open=&#8221;true&#8221;]<a href=\"http:\/\/www.domeen.ee\">www.<\/a><a href=\"http:\/\/www.domeen.ee\">adattack<\/a><a href=\"http:\/\/www.domeen.ee\">.ee<\/a> soovitab k\u0151ikidel vanematel ja eestkostjatel \u0151petada oma lastele ohutult ja vastutusrikkalt kasutama oma isiklikke andmeid internetis. Alaealised ei tohiks edastada isiklikke andmeid kodulehek\u00fclgedele ilma vanemate v\u0151i eestkostjate loata. <a href=\"http:\/\/www.domeen.ee\">www.<\/a><a href=\"http:\/\/www.domeen.ee\">adattack<\/a><a href=\"http:\/\/www.domeen.ee\">.ee<\/a> ei kavatse kunagi koguda teadlikult isiklikke andmeid alaealistelt, v\u0151i kasutada seda mingil moel, v\u0151i avalikustada seda kolmandatele isikutele ilma loata.[\/vc_toggle]<div id=\"la_divider69dd396d36197\" class=\"js-el la-divider la-unit-responsive\" data-la_component=\"UnitResponsive\"  data-el_target='#la_divider69dd396d36197'  data-el_media_sizes='{&quot;padding-top&quot;:&quot;lg:50px;&quot;}' ><\/div>\n[vc_toggle title=&#8221;Informatsioon, andmete muutmine v\u00f5i kustutamine&#8221; style=&#8221;text_only&#8221; open=&#8221;true&#8221;]F\u00f6deraalse andmekaitseseaduse all on teil \u00f5igus ligip\u00e4\u00e4sule oma andmetele ja \u00f5igus seda muuta ja kustutada.[\/vc_toggle]<div id=\"la_divider69dd396d361e6\" class=\"js-el la-divider la-unit-responsive\" data-la_component=\"UnitResponsive\"  data-el_target='#la_divider69dd396d361e6'  data-el_media_sizes='{&quot;padding-top&quot;:&quot;lg:50px;&quot;}' ><\/div>\n[vc_toggle title=&#8221;Tingimused ja muudatused&#8221; style=&#8221;text_only&#8221; open=&#8221;true&#8221;]J\u00e4tame endale \u00f5iguse vajadusel privaatsuspoliitikat muuta. Meie veebisaiti kasutama asudes, eeldame, et oled nende p\u00f5him\u00f5tetega tutvunud ning n\u00f5ustud nendega.<\/p>\n<p>K\u00f5igi privaatsuspoliitika v\u00f5i andmet\u00f6\u00f6tluse kohta tekkivate k\u00fcsimuste v\u00f5i muredega palume v\u00f5tta meiega \u00fchendust.[\/vc_toggle][\/vc_column_inner][\/vc_row_inner]<div id=\"la_divider69dd396d3622a\" class=\"js-el la-divider la-unit-responsive\" data-la_component=\"UnitResponsive\"  data-el_target='#la_divider69dd396d3622a'  data-el_media_sizes='{&quot;padding-top&quot;:&quot;lg:70px;&quot;}' ><\/div>\n[\/vc_column][vc_column width=&#8221;1\/6&#8243;][\/vc_column][\/vc_row]<\/p>\n<\/div>","protected":false},"excerpt":{"rendered":"<p>[vc_row full_width=&#8221;stretch_row_content&#8221; equal_height=&#8221;yes&#8221;][vc_column width=&#8221;1\/6&#8243; la_animation_duration=&#8221;1&#8243; la_animation_delay=&#8221;0&#8243; la_animation_iteration_count=&#8221;1&#8243; css=&#8221;.vc_custom_1562572573413{background-position: center !important;background-repeat: no-repeat !important;background-size: contain !important;}&#8221;][\/vc_column][vc_column width=&#8221;2\/3&#8243; la_animation_duration=&#8221;1&#8243; la_animation_delay=&#8221;0&#8243; la_animation_iteration_count=&#8221;1&#8243; el_class=&#8221;column-wrapper&#8211;maxwidth&#8211;900&#8243; css=&#8221;.vc_custom_1563258295480{padding-right: 8% !important;padding-left: 8% !important;}&#8221;][vc_row_inner][vc_column_inner][vc_toggle title=&#8221;\u00dcldine&#8221; style=&#8221;text_only&#8221; open=&#8221;true&#8221;]ADATTACK O\u00dc on v\u00f5tnud endale kohustuse kaitsta klientide ja kasutajate privaatsust. Sellest l\u00e4htuvalt oleme koostanud k\u00e4esolevad privaatsuspoliitika p\u00f5him\u00f5tted, mis k\u00e4sitlevad kliendi andmete kogumist, kasutamist,&hellip;<\/p>\n","protected":false},"author":1,"featured_media":0,"parent":0,"menu_order":0,"comment_status":"closed","ping_status":"closed","template":"","meta":{"_acf_changed":false,"footnotes":""},"class_list":["post-24380","page","type-page","status-publish","hentry"],"acf":[],"yoast_head":"<!-- This site is optimized with the Yoast SEO plugin v25.9 - https:\/\/yoast.com\/wordpress\/plugins\/seo\/ -->\n<title>Privacy | Ad+attack | Messikaubad &amp; Reklaamikaubad<\/title>\n<meta name=\"robots\" content=\"index, follow, max-snippet:-1, max-image-preview:large, max-video-preview:-1\" \/>\n<link rel=\"canonical\" href=\"https:\/\/www.adattack.ee\/en\/privacy\/\" \/>\n<meta property=\"og:locale\" content=\"en_US\" \/>\n<meta property=\"og:type\" content=\"article\" \/>\n<meta property=\"og:title\" content=\"Privacy | Ad+attack | Messikaubad &amp; Reklaamikaubad\" \/>\n<meta property=\"og:description\" content=\"[vc_row full_width=&#8221;stretch_row_content&#8221; equal_height=&#8221;yes&#8221;][vc_column width=&#8221;1\/6&#8243; la_animation_duration=&#8221;1&#8243; la_animation_delay=&#8221;0&#8243; la_animation_iteration_count=&#8221;1&#8243; css=&#8221;.vc_custom_1562572573413{background-position: center !important;background-repeat: no-repeat !important;background-size: contain !important;}&#8221;][\/vc_column][vc_column width=&#8221;2\/3&#8243; la_animation_duration=&#8221;1&#8243; la_animation_delay=&#8221;0&#8243; la_animation_iteration_count=&#8221;1&#8243; el_class=&#8221;column-wrapper&#8211;maxwidth&#8211;900&#8243; css=&#8221;.vc_custom_1563258295480{padding-right: 8% !important;padding-left: 8% !important;}&#8221;][vc_row_inner][vc_column_inner][vc_toggle title=&#8221;\u00dcldine&#8221; style=&#8221;text_only&#8221; open=&#8221;true&#8221;]ADATTACK O\u00dc on v\u00f5tnud endale kohustuse kaitsta klientide ja kasutajate privaatsust. Sellest l\u00e4htuvalt oleme koostanud k\u00e4esolevad privaatsuspoliitika p\u00f5him\u00f5tted, mis k\u00e4sitlevad kliendi andmete kogumist, kasutamist,&hellip;\" \/>\n<meta property=\"og:url\" content=\"https:\/\/www.adattack.ee\/en\/privacy\/\" \/>\n<meta property=\"og:site_name\" content=\"Ad+attack | Messikaubad &amp; Reklaamikaubad\" \/>\n<meta name=\"twitter:card\" content=\"summary_large_image\" \/>\n<meta name=\"twitter:label1\" content=\"Est. reading time\" \/>\n\t<meta name=\"twitter:data1\" content=\"5 minutes\" \/>\n<script type=\"application\/ld+json\" class=\"yoast-schema-graph\">{\"@context\":\"https:\/\/schema.org\",\"@graph\":[{\"@type\":\"WebPage\",\"@id\":\"https:\/\/www.adattack.ee\/en\/privacy\/\",\"url\":\"https:\/\/www.adattack.ee\/en\/privacy\/\",\"name\":\"Privacy | Ad+attack | Messikaubad &amp; Reklaamikaubad\",\"isPartOf\":{\"@id\":\"https:\/\/www.adattack.ee\/#website\"},\"datePublished\":\"2019-10-28T15:32:20+00:00\",\"breadcrumb\":{\"@id\":\"https:\/\/www.adattack.ee\/en\/privacy\/#breadcrumb\"},\"inLanguage\":\"en-US\",\"potentialAction\":[{\"@type\":\"ReadAction\",\"target\":[\"https:\/\/www.adattack.ee\/en\/privacy\/\"]}]},{\"@type\":\"BreadcrumbList\",\"@id\":\"https:\/\/www.adattack.ee\/en\/privacy\/#breadcrumb\",\"itemListElement\":[{\"@type\":\"ListItem\",\"position\":1,\"name\":\"Home\",\"item\":\"https:\/\/www.adattack.ee\/en\/\"},{\"@type\":\"ListItem\",\"position\":2,\"name\":\"Privacy\"}]},{\"@type\":\"WebSite\",\"@id\":\"https:\/\/www.adattack.ee\/#website\",\"url\":\"https:\/\/www.adattack.ee\/\",\"name\":\"Ad+attack | Messikaubad &amp; Reklaamikaubad\",\"description\":\"Messi- ja reklaamikaubad\",\"potentialAction\":[{\"@type\":\"SearchAction\",\"target\":{\"@type\":\"EntryPoint\",\"urlTemplate\":\"https:\/\/www.adattack.ee\/?s={search_term_string}\"},\"query-input\":{\"@type\":\"PropertyValueSpecification\",\"valueRequired\":true,\"valueName\":\"search_term_string\"}}],\"inLanguage\":\"en-US\"}]}<\/script>\n<!-- \/ Yoast SEO plugin. -->","yoast_head_json":{"title":"Privacy | Ad+attack | Messikaubad &amp; Reklaamikaubad","robots":{"index":"index","follow":"follow","max-snippet":"max-snippet:-1","max-image-preview":"max-image-preview:large","max-video-preview":"max-video-preview:-1"},"canonical":"https:\/\/www.adattack.ee\/en\/privacy\/","og_locale":"en_US","og_type":"article","og_title":"Privacy | Ad+attack | Messikaubad &amp; Reklaamikaubad","og_description":"[vc_row full_width=&#8221;stretch_row_content&#8221; equal_height=&#8221;yes&#8221;][vc_column width=&#8221;1\/6&#8243; la_animation_duration=&#8221;1&#8243; la_animation_delay=&#8221;0&#8243; la_animation_iteration_count=&#8221;1&#8243; css=&#8221;.vc_custom_1562572573413{background-position: center !important;background-repeat: no-repeat !important;background-size: contain !important;}&#8221;][\/vc_column][vc_column width=&#8221;2\/3&#8243; la_animation_duration=&#8221;1&#8243; la_animation_delay=&#8221;0&#8243; la_animation_iteration_count=&#8221;1&#8243; el_class=&#8221;column-wrapper&#8211;maxwidth&#8211;900&#8243; css=&#8221;.vc_custom_1563258295480{padding-right: 8% !important;padding-left: 8% !important;}&#8221;][vc_row_inner][vc_column_inner][vc_toggle title=&#8221;\u00dcldine&#8221; style=&#8221;text_only&#8221; open=&#8221;true&#8221;]ADATTACK O\u00dc on v\u00f5tnud endale kohustuse kaitsta klientide ja kasutajate privaatsust. Sellest l\u00e4htuvalt oleme koostanud k\u00e4esolevad privaatsuspoliitika p\u00f5him\u00f5tted, mis k\u00e4sitlevad kliendi andmete kogumist, kasutamist,&hellip;","og_url":"https:\/\/www.adattack.ee\/en\/privacy\/","og_site_name":"Ad+attack | Messikaubad &amp; Reklaamikaubad","twitter_card":"summary_large_image","twitter_misc":{"Est. reading time":"5 minutes"},"schema":{"@context":"https:\/\/schema.org","@graph":[{"@type":"WebPage","@id":"https:\/\/www.adattack.ee\/en\/privacy\/","url":"https:\/\/www.adattack.ee\/en\/privacy\/","name":"Privacy | Ad+attack | Messikaubad &amp; Reklaamikaubad","isPartOf":{"@id":"https:\/\/www.adattack.ee\/#website"},"datePublished":"2019-10-28T15:32:20+00:00","breadcrumb":{"@id":"https:\/\/www.adattack.ee\/en\/privacy\/#breadcrumb"},"inLanguage":"en-US","potentialAction":[{"@type":"ReadAction","target":["https:\/\/www.adattack.ee\/en\/privacy\/"]}]},{"@type":"BreadcrumbList","@id":"https:\/\/www.adattack.ee\/en\/privacy\/#breadcrumb","itemListElement":[{"@type":"ListItem","position":1,"name":"Home","item":"https:\/\/www.adattack.ee\/en\/"},{"@type":"ListItem","position":2,"name":"Privacy"}]},{"@type":"WebSite","@id":"https:\/\/www.adattack.ee\/#website","url":"https:\/\/www.adattack.ee\/","name":"Ad+attack | Messikaubad &amp; Reklaamikaubad","description":"Messi- ja reklaamikaubad","potentialAction":[{"@type":"SearchAction","target":{"@type":"EntryPoint","urlTemplate":"https:\/\/www.adattack.ee\/?s={search_term_string}"},"query-input":{"@type":"PropertyValueSpecification","valueRequired":true,"valueName":"search_term_string"}}],"inLanguage":"en-US"}]}},"_links":{"self":[{"href":"https:\/\/www.adattack.ee\/en\/wp-json\/wp\/v2\/pages\/24380","targetHints":{"allow":["GET"]}}],"collection":[{"href":"https:\/\/www.adattack.ee\/en\/wp-json\/wp\/v2\/pages"}],"about":[{"href":"https:\/\/www.adattack.ee\/en\/wp-json\/wp\/v2\/types\/page"}],"author":[{"embeddable":true,"href":"https:\/\/www.adattack.ee\/en\/wp-json\/wp\/v2\/users\/1"}],"replies":[{"embeddable":true,"href":"https:\/\/www.adattack.ee\/en\/wp-json\/wp\/v2\/comments?post=24380"}],"version-history":[{"count":2,"href":"https:\/\/www.adattack.ee\/en\/wp-json\/wp\/v2\/pages\/24380\/revisions"}],"predecessor-version":[{"id":24382,"href":"https:\/\/www.adattack.ee\/en\/wp-json\/wp\/v2\/pages\/24380\/revisions\/24382"}],"wp:attachment":[{"href":"https:\/\/www.adattack.ee\/en\/wp-json\/wp\/v2\/media?parent=24380"}],"curies":[{"name":"wp","href":"https:\/\/api.w.org\/{rel}","templated":true}]}}